{"id":706,"date":"2021-02-22T09:37:46","date_gmt":"2021-02-22T09:37:46","guid":{"rendered":"https:\/\/wpbeta.pointr.com\/?page_id=706"},"modified":"2022-11-02T10:32:47","modified_gmt":"2022-11-02T08:32:47","slug":"about","status":"publish","type":"page","link":"https:\/\/old.pointr.com\/de\/about\/","title":{"rendered":"\u00dcber"},"content":{"rendered":"<p>[et_pb_section fb_built=&#8221;1&#8243; admin_label=&#8221;Intro Section&#8221; _builder_version=&#8221;4.16&#8243; _module_preset=&#8221;default&#8221; background_color=&#8221;rgba(51,51,51,0.4)&#8221; background_image=&#8221;https:\/\/pointr.com\/wp-content\/uploads\/2021\/05\/support_anywhere_on_Earth@2x-1.jpg&#8221; background_blend=&#8221;multiply&#8221; global_colors_info=&#8221;{}&#8221;][et_pb_row column_structure=&#8221;1_2,1_2&#8243; _builder_version=&#8221;4.16&#8243; _module_preset=&#8221;default&#8221; global_colors_info=&#8221;{}&#8221;][et_pb_column type=&#8221;1_2&#8243; _builder_version=&#8221;4.16&#8243; _module_preset=&#8221;default&#8221; global_colors_info=&#8221;{}&#8221;][et_pb_text admin_label=&#8221;Headline&#8221; _builder_version=&#8221;4.16&#8243; _module_preset=&#8221;default&#8221; background_layout=&#8221;dark&#8221; global_colors_info=&#8221;{}&#8221;]<\/p>\n<h1>Delta Cygni Labs und der Ursprung von POINTR<\/h1>\n<p>[\/et_pb_text][et_pb_text module_class=&#8221;subhead&#8221; _builder_version=&#8221;4.16&#8243; _module_preset=&#8221;default&#8221; background_layout=&#8221;dark&#8221; max_width=&#8221;75%&#8221; max_width_tablet=&#8221;100%&#8221; max_width_phone=&#8221;&#8221; max_width_last_edited=&#8221;on|tablet&#8221; hover_enabled=&#8221;0&#8243; global_colors_info=&#8221;{}&#8221; sticky_enabled=&#8221;0&#8243;]<\/p>\n<p>Vereinigung der Kr\u00e4fte von Mensch und Maschine, Gesellschaft und Technologie f\u00fcr eine effiziente, sichere und verantwortungsvolle Entwicklung der Menschheit auf der Erde und im Weltraum<\/p>\n<p>[\/et_pb_text][\/et_pb_column][et_pb_column type=&#8221;1_2&#8243; _builder_version=&#8221;4.16&#8243; _module_preset=&#8221;default&#8221; global_colors_info=&#8221;{}&#8221;][\/et_pb_column][\/et_pb_row][\/et_pb_section][et_pb_section fb_built=&#8221;1&#8243; admin_label=&#8221;Content Section About&#8221; _builder_version=&#8221;4.16&#8243; _module_preset=&#8221;default&#8221; global_colors_info=&#8221;{}&#8221;][et_pb_row column_structure=&#8221;1_2,1_2&#8243; _builder_version=&#8221;4.16&#8243; _module_preset=&#8221;default&#8221; global_colors_info=&#8221;{}&#8221;][et_pb_column type=&#8221;1_2&#8243; _builder_version=&#8221;4.16&#8243; _module_preset=&#8221;default&#8221; global_colors_info=&#8221;{}&#8221;][et_pb_text _builder_version=&#8221;4.18.1&#8243; _module_preset=&#8221;default&#8221; hover_enabled=&#8221;0&#8243; global_colors_info=&#8221;{}&#8221; sticky_enabled=&#8221;0&#8243;]<\/p>\n<p>The development of the remote collaboration concept of <a href=\"https:\/\/pointr.com\" target=\"_blank\" rel=\"noopener\">POINTR<\/a> and the foundations of the reliable and secure telecommunication protocol <a href=\"https:\/\/xrtc.org\" target=\"_blank\" rel=\"noopener\">XRTC<\/a> started in 2008. VTT Technical Research Centre of Finland, Thales Alenia Space Italy (TAS-I), and the European Space Agency (ESA) played an important role in supporting the creation and commercialization of this technology. The principal investigators &#8211; Dr. Boris Krassi and Sauli Kiviranta founded Delta Cygni Labs as a VTT spin-off in June 2013.<\/p>\n<p>Die POINTR-Kollaborationssoftware wurde von den urspr\u00fcnglichen Weltraumforschungsprojekten inspiriert, die auf dieser revolution\u00e4ren Telekommunikationstechnologie basieren und f\u00fcr Anwendungen hier auf der Erde verf\u00fcgbar wurden. Seit der Gr\u00fcndung ist das Unternehmen durch die Kombination von privaten und \u00f6ffentlichen Investitionen gewachsen: die Kern-F&amp;E in Finnland, das Vertriebs- und Marketingteam, der Schutz des geistigen Eigentums, die Tochtergesellschaft in Deutschland und die Partnerb\u00fcros in Lateinamerika, den USA und Japan mit 40 Fachleuten rund um den Globus.<\/p>\n<p>Heute ist Delta Cygni Labs ein Deep-Tech-Unternehmen, das auf das gleiche Ziel hinarbeitet: eine Welt, in der Wissen grenzenlos geteilt wird, angetrieben von einer Technologie, die den Menschen nicht ersetzt, sondern ihn bef\u00e4higt, Probleme \u00fcberall, jederzeit und gemeinsam zu l\u00f6sen.<\/p>\n<p>[\/et_pb_text][et_pb_button button_url=&#8221;https:\/\/www.deltacygnilabs.com&#8221; url_new_window=&#8221;on&#8221; button_text=&#8221;Read about DCL&#8221; admin_label=&#8221;Button&#8221; module_class=&#8221;button-orange&#8221; _builder_version=&#8221;4.16&#8243; _module_preset=&#8221;default&#8221; locked=&#8221;off&#8221; global_colors_info=&#8221;{}&#8221;][\/et_pb_button][\/et_pb_column][et_pb_column type=&#8221;1_2&#8243; _builder_version=&#8221;4.16&#8243; _module_preset=&#8221;default&#8221; global_colors_info=&#8221;{}&#8221;][et_pb_image src=&#8221;https:\/\/pointr.com\/wp-content\/uploads\/2021\/12\/Columbus-01-crop.jpg&#8221; title_text=&#8221;Columbus-01 crop&#8221; _builder_version=&#8221;4.16&#8243; _module_preset=&#8221;default&#8221; global_colors_info=&#8221;{}&#8221;][\/et_pb_image][et_pb_text module_class=&#8221;p-small&#8221; _builder_version=&#8221;4.16&#8243; _module_preset=&#8221;default&#8221; global_colors_info=&#8221;{}&#8221;]<\/p>\n<p>Au\u00dfenbordaktivit\u00e4ten zur Wartung des europ\u00e4ischen Moduls \"Columbus\" der Internationalen Raumstation - der Ursprung des POINTR-Konzepts<\/p>\n<p>[\/et_pb_text][\/et_pb_column][\/et_pb_row][\/et_pb_section]<\/p>","protected":false},"excerpt":{"rendered":"<p>Delta Cygni Labs and the Origin of POINTRUniting the power of human and machine, society and technology, for efficient, safe and responsible development of humanity on Earth and in spaceThe development of the remote collaboration concept of POINTR and the foundations of the reliable and secure telecommunication protocol XRTC started in 2008. VTT Technical Research [&hellip;]<\/p>","protected":false},"author":1,"featured_media":0,"parent":0,"menu_order":0,"comment_status":"closed","ping_status":"closed","template":"","meta":{"_et_pb_use_builder":"on","_et_pb_old_content":"","_et_gb_content_width":"","footnotes":""},"class_list":["post-706","page","type-page","status-publish","hentry"],"_links":{"self":[{"href":"https:\/\/old.pointr.com\/de\/wp-json\/wp\/v2\/pages\/706","targetHints":{"allow":["GET"]}}],"collection":[{"href":"https:\/\/old.pointr.com\/de\/wp-json\/wp\/v2\/pages"}],"about":[{"href":"https:\/\/old.pointr.com\/de\/wp-json\/wp\/v2\/types\/page"}],"author":[{"embeddable":true,"href":"https:\/\/old.pointr.com\/de\/wp-json\/wp\/v2\/users\/1"}],"replies":[{"embeddable":true,"href":"https:\/\/old.pointr.com\/de\/wp-json\/wp\/v2\/comments?post=706"}],"version-history":[{"count":24,"href":"https:\/\/old.pointr.com\/de\/wp-json\/wp\/v2\/pages\/706\/revisions"}],"predecessor-version":[{"id":2700,"href":"https:\/\/old.pointr.com\/de\/wp-json\/wp\/v2\/pages\/706\/revisions\/2700"}],"wp:attachment":[{"href":"https:\/\/old.pointr.com\/de\/wp-json\/wp\/v2\/media?parent=706"}],"curies":[{"name":"wp","href":"https:\/\/api.w.org\/{rel}","templated":true}]}}